{"id":2138,"date":"2015-01-26T16:16:24","date_gmt":"2015-01-26T15:16:24","guid":{"rendered":"http:\/\/fcce.webs.uvigo.es\/estudos\/master-qtmc\/"},"modified":"2021-06-07T10:34:53","modified_gmt":"2021-06-07T08:34:53","slug":"master-profesorado","status":"publish","type":"page","link":"https:\/\/fcce.uvigo.es\/es\/estudios\/master-profesorado\/","title":{"rendered":"M\u00e1ster en Profesorado en ESO, Bachillerato, FP y Ense\u00f1anza de Idiomas"},"content":{"rendered":"<p>El objetivo principal es que el alumnado conozca los contenidos de las materias relativas a su especializaci\u00f3n docente, as\u00ed como los procesos de ense\u00f1anza de aprendizaje correspondientes.<\/p>\n<p class=\"mb-2\"><a class=\"btn btn-outline-primary btn-icon\" style=\"text-transform: none;\" href=\"http:\/\/mpe.uvigo.es\/\" target=\"_blank\" rel=\"noopener\">P\u00e1gina web del t\u00edtulo<\/a><\/p>\n<p>&nbsp;<\/p>\n<h2>Informaci\u00f3n de inter\u00e9s<\/h2>\n<div class=\"row\">\n<div class=\"col-sm-6\">\n<ul class=\"arrow-list\">\n<li><strong>Plazas:<\/strong> 72 plazas (en el centro)<\/li>\n<li><strong>Tipo de ense\u00f1anza:<\/strong> presencial<\/li>\n<li><strong>Periodicidad da oferta:<\/strong> anual<\/li>\n<li><strong>Duraci\u00f3n:<\/strong> 60 cr\u00e9ditos ECTS<\/li>\n<\/ul>\n<\/div>\n<div class=\"col-sm-6\">\n<ul class=\"list-peak\" style=\"margin-top: 10px;\">\n<li><a href=\"\/es\/estudiantes\/matricula\/\">Matr\u00edcula<\/a><\/li>\n<li><i class=\"fa fa-globe\"><\/i> <a href=\"https:\/\/secretaria.uvigo.gal\/docnet-nuevo\/guia_docent\/?centre=105&amp;ensenyament=O02M066V04\" target=\"_blank\" rel=\"noopener\">Gu\u00edas docentes<\/a><\/li>\n<li><i class=\"fa fa-file-pdf-o\"><\/i> <a href=\"\/docs\/estudos\/MPE\/Diptico_MPE.pdf\" target=\"_blank\" rel=\"noopener\">D\u00edptico informativo<\/a><\/li>\n<li><i class=\"fa fa-file-pdf-o\"><\/i> <a href=\"\/docs\/calidade\/seguimento\/MPE\/Memoria_MPE.pdf\" target=\"_blank\" rel=\"noopener\">Memoria de la titulaci\u00f3n<\/a><\/li>\n<\/ul>\n<\/div>\n<\/div>\n<p>&nbsp;<\/p>\n<div class=\"row\">\n<div class=\"col-sm-6\">\n<div class=\"custom-block graylight\">\n<h3>Coordinaci\u00f3n<\/h3>\n<p>M\u00aa Carmen Ricoy Lorenzo<br \/>\n+34 988 387 065<br \/>\n<a href=\"mailto:cricoy@uvigo.es\">cricoy@uvigo.es<\/a><\/p>\n<\/div>\n<\/div>\n<div class=\"col-sm-6\">\n<div class=\"custom-block graylight\">\n<h3>Matr\u00edcula<\/h3>\n<p>\u00c1rea de Estudios de M\u00e1ster<br \/>\n988 368 803 | 988 368 910 | 988 368 909<br \/>\n<a href=\"mailto:administracionposgrao.ourense@uvigo.es\">administracionposgrao.ourense@uvigo.es<\/a><\/p>\n<\/div>\n<\/div>\n<\/div>\n","protected":false},"excerpt":{"rendered":"<p>Este M\u00e1ster es un t\u00edtulo oficial que habilita para el ejercicio de las profesiones de maestro\/a de Ense\u00f1anza Obligatoria, Bachillerato, Formaci\u00f3n Profesional y Ense\u00f1anza de Idiomas<\/p>\n","protected":false},"author":2,"featured_media":0,"parent":2117,"menu_order":7,"comment_status":"closed","ping_status":"closed","template":"","meta":{"footnotes":""},"class_list":["post-2138","page","type-page","status-publish","hentry"],"_links":{"self":[{"href":"https:\/\/fcce.uvigo.es\/es\/wp-json\/wp\/v2\/pages\/2138","targetHints":{"allow":["GET"]}}],"collection":[{"href":"https:\/\/fcce.uvigo.es\/es\/wp-json\/wp\/v2\/pages"}],"about":[{"href":"https:\/\/fcce.uvigo.es\/es\/wp-json\/wp\/v2\/types\/page"}],"author":[{"embeddable":true,"href":"https:\/\/fcce.uvigo.es\/es\/wp-json\/wp\/v2\/users\/2"}],"replies":[{"embeddable":true,"href":"https:\/\/fcce.uvigo.es\/es\/wp-json\/wp\/v2\/comments?post=2138"}],"version-history":[{"count":7,"href":"https:\/\/fcce.uvigo.es\/es\/wp-json\/wp\/v2\/pages\/2138\/revisions"}],"predecessor-version":[{"id":263895,"href":"https:\/\/fcce.uvigo.es\/es\/wp-json\/wp\/v2\/pages\/2138\/revisions\/263895"}],"up":[{"embeddable":true,"href":"https:\/\/fcce.uvigo.es\/es\/wp-json\/wp\/v2\/pages\/2117"}],"wp:attachment":[{"href":"https:\/\/fcce.uvigo.es\/es\/wp-json\/wp\/v2\/media?parent=2138"}],"curies":[{"name":"wp","href":"https:\/\/api.w.org\/{rel}","templated":true}]}}